{"id":346,"date":"2023-09-18T13:50:11","date_gmt":"2023-09-18T13:50:11","guid":{"rendered":"https:\/\/griesheim-judo.de\/?page_id=346"},"modified":"2023-09-21T13:49:54","modified_gmt":"2023-09-21T13:49:54","slug":"346-2","status":"publish","type":"page","link":"https:\/\/griesheim-judo.de\/?page_id=346","title":{"rendered":"Wettkampf"},"content":{"rendered":"<p>Hier stehen evtl anstehende Wettk\u00e4mpfe f\u00fcr die jeweiligen Altersstufen.<br \/>\nDie Trainer sind verantwortlich f\u00fcr die Eignung und Meldung<\/p>\n<p>Aktuell sind viele Wettk\u00e4mpfe immer noch schlecht ausgeschrieben.<br \/>\nwir werden hier eine Seite f\u00fcr vereinsinterne Recherchen erstellen.<br \/>\nDie hier stehenden Wettk\u00e4mpfe werden dann zu den original Seiten verlinkt.<\/p>\n<p>&nbsp;<\/p>\n","protected":false},"excerpt":{"rendered":"<p>Hier stehen evtl anstehende Wettk\u00e4mpfe f\u00fcr die jeweiligen Altersstufen. Die Trainer sind verantwortlich f\u00fcr die Eignung und Meldung Aktuell sind viele Wettk\u00e4mpfe [&hellip;]<\/p>\n","protected":false},"author":1,"featured_media":0,"parent":293,"menu_order":0,"comment_status":"closed","ping_status":"closed","template":"","meta":{"ngg_post_thumbnail":0,"footnotes":""},"class_list":["post-346","page","type-page","status-publish","hentry"],"yoast_head":"<!-- This site is optimized with the Yoast SEO plugin v27.2 - https:\/\/yoast.com\/product\/yoast-seo-wordpress\/ -->\n<title>Wettkampf - TUS Budo Abteilung<\/title>\n<meta name=\"robots\" content=\"index, follow, max-snippet:-1, max-image-preview:large, max-video-preview:-1\" \/>\n<link rel=\"canonical\" href=\"https:\/\/griesheim-judo.de\/?page_id=346\" \/>\n<meta property=\"og:locale\" content=\"de_DE\" \/>\n<meta property=\"og:type\" content=\"article\" \/>\n<meta property=\"og:title\" content=\"Wettkampf - TUS Budo Abteilung\" \/>\n<meta property=\"og:description\" content=\"Hier stehen evtl anstehende Wettk\u00e4mpfe f\u00fcr die jeweiligen Altersstufen. Die Trainer sind verantwortlich f\u00fcr die Eignung und Meldung Aktuell sind viele Wettk\u00e4mpfe [&hellip;]\" \/>\n<meta property=\"og:url\" content=\"https:\/\/griesheim-judo.de\/?page_id=346\" \/>\n<meta property=\"og:site_name\" content=\"TUS Budo Abteilung\" \/>\n<meta property=\"article:modified_time\" content=\"2023-09-21T13:49:54+00:00\" \/>\n<meta name=\"twitter:card\" content=\"summary_large_image\" \/>\n<meta name=\"twitter:label1\" content=\"Gesch\u00e4tzte Lesezeit\" \/>\n\t<meta name=\"twitter:data1\" content=\"1\u00a0Minute\" \/>\n<script type=\"application\/ld+json\" class=\"yoast-schema-graph\">{\"@context\":\"https:\/\/schema.org\",\"@graph\":[{\"@type\":\"WebPage\",\"@id\":\"https:\/\/griesheim-judo.de\/?page_id=346\",\"url\":\"https:\/\/griesheim-judo.de\/?page_id=346\",\"name\":\"Wettkampf - TUS Budo Abteilung\",\"isPartOf\":{\"@id\":\"https:\/\/griesheim-judo.de\/#website\"},\"datePublished\":\"2023-09-18T13:50:11+00:00\",\"dateModified\":\"2023-09-21T13:49:54+00:00\",\"breadcrumb\":{\"@id\":\"https:\/\/griesheim-judo.de\/?page_id=346#breadcrumb\"},\"inLanguage\":\"de\",\"potentialAction\":[{\"@type\":\"ReadAction\",\"target\":[\"https:\/\/griesheim-judo.de\/?page_id=346\"]}]},{\"@type\":\"BreadcrumbList\",\"@id\":\"https:\/\/griesheim-judo.de\/?page_id=346#breadcrumb\",\"itemListElement\":[{\"@type\":\"ListItem\",\"position\":1,\"name\":\"Startseite\",\"item\":\"https:\/\/griesheim-judo.de\/\"},{\"@type\":\"ListItem\",\"position\":2,\"name\":\"Trainingsplanung\",\"item\":\"https:\/\/griesheim-judo.de\/?page_id=293\"},{\"@type\":\"ListItem\",\"position\":3,\"name\":\"Wettkampf\"}]},{\"@type\":\"WebSite\",\"@id\":\"https:\/\/griesheim-judo.de\/#website\",\"url\":\"https:\/\/griesheim-judo.de\/\",\"name\":\"TUS Budo Abteilung\",\"description\":\"Trainer Website\",\"potentialAction\":[{\"@type\":\"SearchAction\",\"target\":{\"@type\":\"EntryPoint\",\"urlTemplate\":\"https:\/\/griesheim-judo.de\/?s={search_term_string}\"},\"query-input\":{\"@type\":\"PropertyValueSpecification\",\"valueRequired\":true,\"valueName\":\"search_term_string\"}}],\"inLanguage\":\"de\"}]}<\/script>\n<!-- \/ Yoast SEO plugin. -->","yoast_head_json":{"title":"Wettkampf - TUS Budo Abteilung","robots":{"index":"index","follow":"follow","max-snippet":"max-snippet:-1","max-image-preview":"max-image-preview:large","max-video-preview":"max-video-preview:-1"},"canonical":"https:\/\/griesheim-judo.de\/?page_id=346","og_locale":"de_DE","og_type":"article","og_title":"Wettkampf - TUS Budo Abteilung","og_description":"Hier stehen evtl anstehende Wettk\u00e4mpfe f\u00fcr die jeweiligen Altersstufen. Die Trainer sind verantwortlich f\u00fcr die Eignung und Meldung Aktuell sind viele Wettk\u00e4mpfe [&hellip;]","og_url":"https:\/\/griesheim-judo.de\/?page_id=346","og_site_name":"TUS Budo Abteilung","article_modified_time":"2023-09-21T13:49:54+00:00","twitter_card":"summary_large_image","twitter_misc":{"Gesch\u00e4tzte Lesezeit":"1\u00a0Minute"},"schema":{"@context":"https:\/\/schema.org","@graph":[{"@type":"WebPage","@id":"https:\/\/griesheim-judo.de\/?page_id=346","url":"https:\/\/griesheim-judo.de\/?page_id=346","name":"Wettkampf - TUS Budo Abteilung","isPartOf":{"@id":"https:\/\/griesheim-judo.de\/#website"},"datePublished":"2023-09-18T13:50:11+00:00","dateModified":"2023-09-21T13:49:54+00:00","breadcrumb":{"@id":"https:\/\/griesheim-judo.de\/?page_id=346#breadcrumb"},"inLanguage":"de","potentialAction":[{"@type":"ReadAction","target":["https:\/\/griesheim-judo.de\/?page_id=346"]}]},{"@type":"BreadcrumbList","@id":"https:\/\/griesheim-judo.de\/?page_id=346#breadcrumb","itemListElement":[{"@type":"ListItem","position":1,"name":"Startseite","item":"https:\/\/griesheim-judo.de\/"},{"@type":"ListItem","position":2,"name":"Trainingsplanung","item":"https:\/\/griesheim-judo.de\/?page_id=293"},{"@type":"ListItem","position":3,"name":"Wettkampf"}]},{"@type":"WebSite","@id":"https:\/\/griesheim-judo.de\/#website","url":"https:\/\/griesheim-judo.de\/","name":"TUS Budo Abteilung","description":"Trainer Website","potentialAction":[{"@type":"SearchAction","target":{"@type":"EntryPoint","urlTemplate":"https:\/\/griesheim-judo.de\/?s={search_term_string}"},"query-input":{"@type":"PropertyValueSpecification","valueRequired":true,"valueName":"search_term_string"}}],"inLanguage":"de"}]}},"jetpack_sharing_enabled":true,"_links":{"self":[{"href":"https:\/\/griesheim-judo.de\/index.php?rest_route=\/wp\/v2\/pages\/346","targetHints":{"allow":["GET"]}}],"collection":[{"href":"https:\/\/griesheim-judo.de\/index.php?rest_route=\/wp\/v2\/pages"}],"about":[{"href":"https:\/\/griesheim-judo.de\/index.php?rest_route=\/wp\/v2\/types\/page"}],"author":[{"embeddable":true,"href":"https:\/\/griesheim-judo.de\/index.php?rest_route=\/wp\/v2\/users\/1"}],"replies":[{"embeddable":true,"href":"https:\/\/griesheim-judo.de\/index.php?rest_route=%2Fwp%2Fv2%2Fcomments&post=346"}],"version-history":[{"count":4,"href":"https:\/\/griesheim-judo.de\/index.php?rest_route=\/wp\/v2\/pages\/346\/revisions"}],"predecessor-version":[{"id":364,"href":"https:\/\/griesheim-judo.de\/index.php?rest_route=\/wp\/v2\/pages\/346\/revisions\/364"}],"up":[{"embeddable":true,"href":"https:\/\/griesheim-judo.de\/index.php?rest_route=\/wp\/v2\/pages\/293"}],"wp:attachment":[{"href":"https:\/\/griesheim-judo.de\/index.php?rest_route=%2Fwp%2Fv2%2Fmedia&parent=346"}],"curies":[{"name":"wp","href":"https:\/\/api.w.org\/{rel}","templated":true}]}}