{"id":122,"date":"2023-09-07T09:58:59","date_gmt":"2023-09-07T09:58:59","guid":{"rendered":"https:\/\/griesheim-judo.de\/?page_id=122"},"modified":"2023-09-07T10:10:48","modified_gmt":"2023-09-07T10:10:48","slug":"impressum","status":"publish","type":"page","link":"https:\/\/griesheim-judo.de\/?page_id=122","title":{"rendered":"Impressum"},"content":{"rendered":"<p><strong>Angaben gem\u00e4\u00df \u00a7 5 TMG <\/strong><\/p>\n<p>Rudolf Rittiger<br \/>\nJahnstrasse 45<br \/>\n64347 Griesheim<\/p>\n<p><strong>Kontakt <\/strong><\/p>\n<p>Telefon: +49 (0) 163 2145083<br \/>\nTelefax: +49 (0) 6155830408<br \/>\nE-Mail: r.rittiger@t-online.de<\/p>\n<p><strong>Haftung f\u00fcr Inhalte <\/strong><\/p>\n<p>Als Diensteanbieter sind wir gem\u00e4\u00df \u00a7 7 Abs.1 TMG f\u00fcr eigene Inhalte auf diesen Seiten nach den allgemeinen Gesetzen verantwortlich. Nach \u00a7\u00a7 8 bis 10 TMG sind wir als Diensteanbieter jedoch nicht verpflichtet, \u00fcbermittelte oder gespeicherte fremde Informationen zu \u00fcberwachen oder nach Umst\u00e4nden zu forschen, die auf eine rechtswidrige T\u00e4tigkeit hinweisen.<\/p>\n<p>Verpflichtungen zur Entfernung oder Sperrung der Nutzung von Informationen nach den allgemeinen Gesetzen bleiben hiervon unber\u00fchrt. Eine diesbez\u00fcgliche Haftung ist jedoch erst ab dem Zeitpunkt der Kenntnis einer konkreten Rechtsverletzung m\u00f6glich. Bei Bekanntwerden von entsprechenden Rechtsverletzungen werden wir diese Inhalte umgehend entfernen.<\/p>\n<p><strong>Haftung f\u00fcr Links <\/strong><\/p>\n<p>Unser Angebot enth\u00e4lt Links zu externen Websites Dritter, auf deren Inhalte wir keinen Einfluss haben. Deshalb k\u00f6nnen wir f\u00fcr diese fremden Inhalte auch keine Gew\u00e4hr \u00fcbernehmen. F\u00fcr die Inhalte der verlinkten Seiten ist stets der jeweilige Anbieter oder Betreiber der Seiten verantwortlich. Die verlinkten Seiten wurden zum Zeitpunkt der Verlinkung auf m\u00f6gliche Rechtsverst\u00f6\u00dfe \u00fcberpr\u00fcft. Rechtswidrige Inhalte waren zum Zeitpunkt der Verlinkung nicht erkennbar.<\/p>\n<p>Eine permanente inhaltliche Kontrolle der verlinkten Seiten ist jedoch ohne konkrete Anhaltspunkte einer Rechtsverletzung nicht zumutbar. Bei Bekanntwerden von Rechtsverletzungen werden wir derartige Links umgehend entfernen.<\/p>\n<p><strong>Urheberrecht <\/strong><\/p>\n<p>Die durch die Seitenbetreiber erstellten Inhalte und Werke auf diesen Seiten unterliegen dem deutschen Urheberrecht. Die Vervielf\u00e4ltigung, Bearbeitung, Verbreitung und jede Art der Verwertung au\u00dferhalb der Grenzen des Urheberrechtes bed\u00fcrfen der schriftlichen Zustimmung des jeweiligen Autors bzw. Erstellers. Downloads und Kopien dieser Seite sind nur f\u00fcr den privaten, nicht kommerziellen Gebrauch gestattet.<\/p>\n<p>Soweit die Inhalte auf dieser Seite nicht vom Betreiber erstellt wurden, werden die Urheberrechte Dritter beachtet. Insbesondere werden Inhalte Dritter als solche gekennzeichnet. Sollten Sie trotzdem auf eine Urheberrechtsverletzung aufmerksam werden, bitten wir um einen entsprechenden Hinweis. Bei Bekanntwerden von Rechtsverletzungen werden wir derartige Inhalte umgehend entfernen.<\/p>\n<p><em><span style=\"font-size: 7.5pt;\">Quelle: https:\/\/www.e-recht24.de<\/span><\/em><\/p>\n","protected":false},"excerpt":{"rendered":"<p>Angaben gem\u00e4\u00df \u00a7 5 TMG Rudolf Rittiger Jahnstrasse 45 64347 Griesheim Kontakt Telefon: +49 (0) 163 2145083 Telefax: +49 (0) 6155830408 E-Mail: [&hellip;]<\/p>\n","protected":false},"author":1,"featured_media":0,"parent":0,"menu_order":4,"comment_status":"closed","ping_status":"closed","template":"","meta":{"ngg_post_thumbnail":0,"footnotes":""},"class_list":["post-122","page","type-page","status-publish","hentry"],"yoast_head":"<!-- This site is optimized with the Yoast SEO plugin v27.2 - https:\/\/yoast.com\/product\/yoast-seo-wordpress\/ -->\n<title>Impressum - TUS Budo Abteilung<\/title>\n<meta name=\"robots\" content=\"index, follow, max-snippet:-1, max-image-preview:large, max-video-preview:-1\" \/>\n<link rel=\"canonical\" href=\"https:\/\/griesheim-judo.de\/?page_id=122\" \/>\n<meta property=\"og:locale\" content=\"de_DE\" \/>\n<meta property=\"og:type\" content=\"article\" \/>\n<meta property=\"og:title\" content=\"Impressum - TUS Budo Abteilung\" \/>\n<meta property=\"og:description\" content=\"Angaben gem\u00e4\u00df \u00a7 5 TMG Rudolf Rittiger Jahnstrasse 45 64347 Griesheim Kontakt Telefon: +49 (0) 163 2145083 Telefax: +49 (0) 6155830408 E-Mail: [&hellip;]\" \/>\n<meta property=\"og:url\" content=\"https:\/\/griesheim-judo.de\/?page_id=122\" \/>\n<meta property=\"og:site_name\" content=\"TUS Budo Abteilung\" \/>\n<meta property=\"article:modified_time\" content=\"2023-09-07T10:10:48+00:00\" \/>\n<meta name=\"twitter:card\" content=\"summary_large_image\" \/>\n<meta name=\"twitter:label1\" content=\"Gesch\u00e4tzte Lesezeit\" \/>\n\t<meta name=\"twitter:data1\" content=\"2\u00a0Minuten\" \/>\n<script type=\"application\/ld+json\" class=\"yoast-schema-graph\">{\"@context\":\"https:\/\/schema.org\",\"@graph\":[{\"@type\":\"WebPage\",\"@id\":\"https:\/\/griesheim-judo.de\/?page_id=122\",\"url\":\"https:\/\/griesheim-judo.de\/?page_id=122\",\"name\":\"Impressum - TUS Budo Abteilung\",\"isPartOf\":{\"@id\":\"https:\/\/griesheim-judo.de\/#website\"},\"datePublished\":\"2023-09-07T09:58:59+00:00\",\"dateModified\":\"2023-09-07T10:10:48+00:00\",\"breadcrumb\":{\"@id\":\"https:\/\/griesheim-judo.de\/?page_id=122#breadcrumb\"},\"inLanguage\":\"de\",\"potentialAction\":[{\"@type\":\"ReadAction\",\"target\":[\"https:\/\/griesheim-judo.de\/?page_id=122\"]}]},{\"@type\":\"BreadcrumbList\",\"@id\":\"https:\/\/griesheim-judo.de\/?page_id=122#breadcrumb\",\"itemListElement\":[{\"@type\":\"ListItem\",\"position\":1,\"name\":\"Startseite\",\"item\":\"https:\/\/griesheim-judo.de\/\"},{\"@type\":\"ListItem\",\"position\":2,\"name\":\"Impressum\"}]},{\"@type\":\"WebSite\",\"@id\":\"https:\/\/griesheim-judo.de\/#website\",\"url\":\"https:\/\/griesheim-judo.de\/\",\"name\":\"TUS Budo Abteilung\",\"description\":\"Trainer Website\",\"potentialAction\":[{\"@type\":\"SearchAction\",\"target\":{\"@type\":\"EntryPoint\",\"urlTemplate\":\"https:\/\/griesheim-judo.de\/?s={search_term_string}\"},\"query-input\":{\"@type\":\"PropertyValueSpecification\",\"valueRequired\":true,\"valueName\":\"search_term_string\"}}],\"inLanguage\":\"de\"}]}<\/script>\n<!-- \/ Yoast SEO plugin. -->","yoast_head_json":{"title":"Impressum - TUS Budo Abteilung","robots":{"index":"index","follow":"follow","max-snippet":"max-snippet:-1","max-image-preview":"max-image-preview:large","max-video-preview":"max-video-preview:-1"},"canonical":"https:\/\/griesheim-judo.de\/?page_id=122","og_locale":"de_DE","og_type":"article","og_title":"Impressum - TUS Budo Abteilung","og_description":"Angaben gem\u00e4\u00df \u00a7 5 TMG Rudolf Rittiger Jahnstrasse 45 64347 Griesheim Kontakt Telefon: +49 (0) 163 2145083 Telefax: +49 (0) 6155830408 E-Mail: [&hellip;]","og_url":"https:\/\/griesheim-judo.de\/?page_id=122","og_site_name":"TUS Budo Abteilung","article_modified_time":"2023-09-07T10:10:48+00:00","twitter_card":"summary_large_image","twitter_misc":{"Gesch\u00e4tzte Lesezeit":"2\u00a0Minuten"},"schema":{"@context":"https:\/\/schema.org","@graph":[{"@type":"WebPage","@id":"https:\/\/griesheim-judo.de\/?page_id=122","url":"https:\/\/griesheim-judo.de\/?page_id=122","name":"Impressum - TUS Budo Abteilung","isPartOf":{"@id":"https:\/\/griesheim-judo.de\/#website"},"datePublished":"2023-09-07T09:58:59+00:00","dateModified":"2023-09-07T10:10:48+00:00","breadcrumb":{"@id":"https:\/\/griesheim-judo.de\/?page_id=122#breadcrumb"},"inLanguage":"de","potentialAction":[{"@type":"ReadAction","target":["https:\/\/griesheim-judo.de\/?page_id=122"]}]},{"@type":"BreadcrumbList","@id":"https:\/\/griesheim-judo.de\/?page_id=122#breadcrumb","itemListElement":[{"@type":"ListItem","position":1,"name":"Startseite","item":"https:\/\/griesheim-judo.de\/"},{"@type":"ListItem","position":2,"name":"Impressum"}]},{"@type":"WebSite","@id":"https:\/\/griesheim-judo.de\/#website","url":"https:\/\/griesheim-judo.de\/","name":"TUS Budo Abteilung","description":"Trainer Website","potentialAction":[{"@type":"SearchAction","target":{"@type":"EntryPoint","urlTemplate":"https:\/\/griesheim-judo.de\/?s={search_term_string}"},"query-input":{"@type":"PropertyValueSpecification","valueRequired":true,"valueName":"search_term_string"}}],"inLanguage":"de"}]}},"jetpack_sharing_enabled":true,"_links":{"self":[{"href":"https:\/\/griesheim-judo.de\/index.php?rest_route=\/wp\/v2\/pages\/122","targetHints":{"allow":["GET"]}}],"collection":[{"href":"https:\/\/griesheim-judo.de\/index.php?rest_route=\/wp\/v2\/pages"}],"about":[{"href":"https:\/\/griesheim-judo.de\/index.php?rest_route=\/wp\/v2\/types\/page"}],"author":[{"embeddable":true,"href":"https:\/\/griesheim-judo.de\/index.php?rest_route=\/wp\/v2\/users\/1"}],"replies":[{"embeddable":true,"href":"https:\/\/griesheim-judo.de\/index.php?rest_route=%2Fwp%2Fv2%2Fcomments&post=122"}],"version-history":[{"count":1,"href":"https:\/\/griesheim-judo.de\/index.php?rest_route=\/wp\/v2\/pages\/122\/revisions"}],"predecessor-version":[{"id":123,"href":"https:\/\/griesheim-judo.de\/index.php?rest_route=\/wp\/v2\/pages\/122\/revisions\/123"}],"wp:attachment":[{"href":"https:\/\/griesheim-judo.de\/index.php?rest_route=%2Fwp%2Fv2%2Fmedia&parent=122"}],"curies":[{"name":"wp","href":"https:\/\/api.w.org\/{rel}","templated":true}]}}